{"id":14,"date":"2010-08-05T13:59:02","date_gmt":"2010-08-05T13:59:02","guid":{"rendered":"http:\/\/linienhof.blogsport.de\/kontakt\/"},"modified":"2010-08-05T13:59:02","modified_gmt":"2010-08-05T13:59:02","slug":"kontakt","status":"publish","type":"page","link":"https:\/\/linienhof.noblogs.org\/?page_id=14","title":{"rendered":"Kontakt"},"content":{"rendered":"<p>Linienhof<br \/>\n<a href=\"http:\/\/kts13.blogsport.de\/\">Projekt- und Wagenplatz KTS13<\/a><br \/>\nKarpfenteichstra\u00dfe 13<\/p>\n<p>12435 Berlin<\/p>\n<p>S-Bahn: Treptower Park oder Pl\u00e4nterwald<br \/>\nBus: Klingerstra\u00dfe<\/p>\n<p>Email: linienhof (\u00e4t) riseup (punkt) net<\/p>\n<p>Wir haben auch einen <a href=\"_wp_link_placeholder\" data-wplink-edit=\"true\">Newsletter<\/a> mit regelm\u00e4\u00dfig unregelm\u00e4\u00dfigen Infos zu Workshops, Bautagen und anderen Linienhof-Events, die ihr auf keinen Fall verpassen solltet&#8230;<br \/>\nDie Anmeldung zum Newsletter k\u00f6nnt ihr <a href=\"https:\/\/lists.riseup.net\/www\/info\/linienhof_newsletter\">hier<\/a> oder per Mail an <a href=\"mailto:linienhof_newsletter-subscribe@lists.riseup.net\">linienhof_newsletter-subscribe@lists.riseup.net<\/a> vornehmen. Wenn das nicht klappt, k\u00f6nnt ihr uns auch eine Mail schreiben, dass ihr im Verteiler aufgenommen oder wieder raus genommen werden wollt.<\/p>\n","protected":false},"excerpt":{"rendered":"<p>Linienhof Projekt- und Wagenplatz KTS13 Karpfenteichstra\u00dfe 13 12435 Berlin S-Bahn: Treptower Park oder Pl\u00e4nterwald Bus: Klingerstra\u00dfe Email: linienhof (\u00e4t) riseup (punkt) net Wir haben auch einen Newsletter mit regelm\u00e4\u00dfig unregelm\u00e4\u00dfigen Infos zu Workshops, Bautagen und anderen Linienhof-Events, die ihr auf &hellip; <a href=\"https:\/\/linienhof.noblogs.org\/?page_id=14\">Weiterlesen <span class=\"meta-nav\">&rarr;<\/span><\/a><\/p>\n","protected":false},"author":20737,"featured_media":0,"parent":0,"menu_order":1,"comment_status":"closed","ping_status":"closed","template":"","meta":{"footnotes":""},"class_list":["post-14","page","type-page","status-publish","hentry"],"_links":{"self":[{"href":"https:\/\/linienhof.noblogs.org\/index.php?rest_route=\/wp\/v2\/pages\/14","targetHints":{"allow":["GET"]}}],"collection":[{"href":"https:\/\/linienhof.noblogs.org\/index.php?rest_route=\/wp\/v2\/pages"}],"about":[{"href":"https:\/\/linienhof.noblogs.org\/index.php?rest_route=\/wp\/v2\/types\/page"}],"author":[{"embeddable":true,"href":"https:\/\/linienhof.noblogs.org\/index.php?rest_route=\/wp\/v2\/users\/20737"}],"replies":[{"embeddable":true,"href":"https:\/\/linienhof.noblogs.org\/index.php?rest_route=%2Fwp%2Fv2%2Fcomments&post=14"}],"version-history":[{"count":0,"href":"https:\/\/linienhof.noblogs.org\/index.php?rest_route=\/wp\/v2\/pages\/14\/revisions"}],"wp:attachment":[{"href":"https:\/\/linienhof.noblogs.org\/index.php?rest_route=%2Fwp%2Fv2%2Fmedia&parent=14"}],"curies":[{"name":"wp","href":"https:\/\/api.w.org\/{rel}","templated":true}]}}